{"id":3,"date":"2025-08-18T15:17:23","date_gmt":"2025-08-18T15:17:23","guid":{"rendered":"https:\/\/engr.noobnews.com\/?page_id=3"},"modified":"2025-08-20T22:09:05","modified_gmt":"2025-08-20T22:09:05","slug":"privacy-policy","status":"publish","type":"page","link":"https:\/\/engr.noobnews.com\/index.php\/privacy-policy\/","title":{"rendered":"Politique de Confidentialit\u00e9"},"content":{"rendered":"\n<p>Votre vie priv\u00e9e est importante pour nous. Il est de la politique du [ NOME DO SITE ] de respecter votre vie priv\u00e9e concernant toute information que nous pourrions collecter sur le site [ NOME DO SITE ], ainsi que d\u2019autres sites que nous poss\u00e9dons et exploitons.<\/p>\n\n\n\n<p>Nous ne demandons des informations personnelles que lorsque cela est n\u00e9cessaire pour vous fournir un service. Nous proc\u00e9dons par des moyens \u00e9quitables et conformes \u00e0 la loi, avec votre connaissance et votre consentement. Nous expliquons \u00e9galement pourquoi nous recueillons ces informations et comment elles seront utilis\u00e9es.<\/p>\n\n\n\n<p>Nous conservons les informations collect\u00e9es uniquement pendant la dur\u00e9e n\u00e9cessaire pour fournir le service demand\u00e9. Lorsque nous stockons des donn\u00e9es, nous les prot\u00e9geons par des moyens commercialement acceptables afin d\u2019\u00e9viter pertes, vols, acc\u00e8s non autoris\u00e9s, divulgation, copie, utilisation ou modification.<\/p>\n\n\n\n<p>Nous ne partageons pas publiquement des informations permettant l\u2019identification personnelle, ni avec des tiers, sauf si exig\u00e9 par la loi.<\/p>\n\n\n\n<p>Notre site peut contenir des liens vers d\u2019autres sites externes qui ne sont pas g\u00e9r\u00e9s par nos soins. Veuillez noter que nous n\u2019avons aucun contr\u00f4le sur le contenu et les pratiques de ces sites, et que nous ne pouvons donc pas \u00eatre tenus responsables de leurs politiques de confidentialit\u00e9 respectives.<\/p>\n\n\n\n<p>Vous \u00eates libre de refuser notre demande d\u2019informations personnelles, sachant que nous ne serons alors peut-\u00eatre pas en mesure de vous fournir certains services souhait\u00e9s.<\/p>\n\n\n\n<p>La poursuite de l\u2019utilisation de notre site sera consid\u00e9r\u00e9e comme une acceptation de nos pratiques concernant la confidentialit\u00e9 et les informations personnelles. Si vous avez des questions sur la mani\u00e8re dont nous traitons les donn\u00e9es des utilisateurs et les informations personnelles, veuillez nous contacter.<\/p>\n\n\n\n<hr class=\"wp-block-separator has-alpha-channel-opacity\"\/>\n\n\n\n<p><strong>Publicit\u00e9s Google AdSense<\/strong><\/p>\n\n\n\n<p>Le service Google AdSense que nous utilisons pour afficher des publicit\u00e9s utilise un cookie DoubleClick afin de diffuser des annonces plus pertinentes sur Internet et limiter le nombre de fois qu\u2019une m\u00eame annonce vous est pr\u00e9sent\u00e9e. Pour plus d\u2019informations sur Google AdSense, consultez les FAQ officielles sur la confidentialit\u00e9 de Google AdSense.<\/p>\n\n\n\n<p>Nous utilisons des annonces pour couvrir les frais de fonctionnement de ce site et financer ses d\u00e9veloppements futurs. Les cookies publicitaires comportementaux utilis\u00e9s sur ce site ont \u00e9t\u00e9 con\u00e7us dans le but de vous pr\u00e9senter des annonces aussi pertinentes que possible, en suivant anonymement vos centres d\u2019int\u00e9r\u00eat et en vous montrant des sujets similaires susceptibles de vous int\u00e9resser.<\/p>\n\n\n\n<p>Plusieurs partenaires font de la publicit\u00e9 en notre nom, et les cookies de suivi affili\u00e9 nous permettent simplement de savoir si vos visites sur notre site proviennent d\u2019un des sites de nos partenaires, afin que nous puissions leur attribuer un cr\u00e9dit appropri\u00e9, et dans les cas applicables, permettre \u00e0 nos partenaires affili\u00e9s de vous proposer toute promotion \u00e9ventuelle associ\u00e9e \u00e0 votre achat.<\/p>\n\n\n\n<hr class=\"wp-block-separator has-alpha-channel-opacity\"\/>\n\n\n\n<p><strong>Engagement de l\u2019Utilisateur<\/strong><\/p>\n\n\n\n<p>L\u2019utilisateur s\u2019engage \u00e0 faire usage correct des contenus et des informations fournis par [ NOME DO SITE ] sur le site. \u00c0 titre indicatif, sans caract\u00e8re limitatif :<\/p>\n\n\n\n<p>A) Ne pas s\u2019engager dans des activit\u00e9s ill\u00e9gales ou contraires \u00e0 la bonne foi et \u00e0 l\u2019ordre public ;<br>B) Ne pas diffuser de publicit\u00e9 ou du contenu \u00e0 caract\u00e8re raciste, x\u00e9nophobe, li\u00e9 aux jeux de hasard, de pornographie ill\u00e9gale, faisant l\u2019apologie du terrorisme ou portant atteinte aux droits de l\u2019homme ;<br>C) Ne pas causer de dommages aux syst\u00e8mes physiques (mat\u00e9riels) et logiques (logiciels) de [ NOME DO SITE ], de ses fournisseurs ou de tiers, ni introduire ou propager de virus informatiques ou tout autre syst\u00e8me mat\u00e9riel ou logiciel susceptible de causer les dommages mentionn\u00e9s ci-dessus.<\/p>\n\n\n\n<hr class=\"wp-block-separator has-alpha-channel-opacity\"\/>\n\n\n\n<p><strong>Plus d\u2019Informations<\/strong><\/p>\n\n\n\n<p>Nous esp\u00e9rons avoir apport\u00e9 des r\u00e9ponses claires. Comme indiqu\u00e9 pr\u00e9c\u00e9demment, si vous avez le moindre doute quant \u00e0 l\u2019utilit\u00e9 ou non d\u2019une d\u00e9sactivation, il est g\u00e9n\u00e9ralement plus prudent de laisser les cookies activ\u00e9s, au cas o\u00f9 vous interagiriez avec l\u2019une des fonctionnalit\u00e9s du site.<\/p>\n\n\n\n<p>Cette politique entre en vigueur \u00e0 partir du 6 mai 2025 \u00e0 02h47.<\/p>\n","protected":false},"excerpt":{"rendered":"<p>Votre vie priv\u00e9e est importante pour nous. Il est de la politique du [ NOME DO SITE ] de respecter votre vie priv\u00e9e concernant toute information que nous pourrions collecter sur le site [ NOME DO SITE ], ainsi que d\u2019autres sites que nous poss\u00e9dons et exploitons. Nous ne demandons des informations personnelles que lorsque &hellip;<\/p>\n","protected":false},"author":1,"featured_media":0,"parent":0,"menu_order":0,"comment_status":"closed","ping_status":"open","template":"","meta":{"footnotes":""},"class_list":["post-3","page","type-page","status-publish","hentry"],"_links":{"self":[{"href":"https:\/\/engr.noobnews.com\/index.php\/wp-json\/wp\/v2\/pages\/3","targetHints":{"allow":["GET"]}}],"collection":[{"href":"https:\/\/engr.noobnews.com\/index.php\/wp-json\/wp\/v2\/pages"}],"about":[{"href":"https:\/\/engr.noobnews.com\/index.php\/wp-json\/wp\/v2\/types\/page"}],"author":[{"embeddable":true,"href":"https:\/\/engr.noobnews.com\/index.php\/wp-json\/wp\/v2\/users\/1"}],"replies":[{"embeddable":true,"href":"https:\/\/engr.noobnews.com\/index.php\/wp-json\/wp\/v2\/comments?post=3"}],"version-history":[{"count":1,"href":"https:\/\/engr.noobnews.com\/index.php\/wp-json\/wp\/v2\/pages\/3\/revisions"}],"predecessor-version":[{"id":15,"href":"https:\/\/engr.noobnews.com\/index.php\/wp-json\/wp\/v2\/pages\/3\/revisions\/15"}],"wp:attachment":[{"href":"https:\/\/engr.noobnews.com\/index.php\/wp-json\/wp\/v2\/media?parent=3"}],"curies":[{"name":"wp","href":"https:\/\/api.w.org\/{rel}","templated":true}]}}